{"id":62,"date":"2021-10-14T19:29:26","date_gmt":"2021-10-14T17:29:26","guid":{"rendered":"https:\/\/maribeldemaya.net\/nou\/?page_id=62"},"modified":"2026-05-08T16:38:18","modified_gmt":"2026-05-08T14:38:18","slug":"contacto","status":"publish","type":"page","link":"https:\/\/maribeldemaya.net\/ca\/contacto\/","title":{"rendered":"Contacte"},"content":{"rendered":"<!DOCTYPE html PUBLIC \"-\/\/W3C\/\/DTD HTML 4.0 Transitional\/\/EN\" \"http:\/\/www.w3.org\/TR\/REC-html40\/loose.dtd\">\n<html><body><div class=\"brz brz-root__container brz-reset-all brz-root__container-page\">\n<section id=\"xftsqoaxlsaqkkcvtsxgdtprnzkeewosddlk_xftsqoaxlsaqkkcvtsxgdtprnzkeewosddlk\" class=\"brz-section brz-css-d-section brz-css-bnt92z\">\n<div class=\"brz-section__content brz-section--boxed brz-css-d-sectionitem-bg brz-css-1vn0uue\" data-brz-custom-id=\"syzftexkkuexsvscmtzpcsfkpvjycermukcs\">\n<div class=\"brz-bg\">\n<div class=\"brz-bg-image\"><\/div>\n<div class=\"brz-bg-color\"><\/div>\n<\/div>\n<div class=\"brz-container brz-css-d-sectionitem-container brz-css-1yasnk3\">\n<div class=\"brz-row__container brz-css-d-row-row brz-css-6u7n0r\" data-brz-custom-id=\"onlscostjzjqsfkvuaoeaumdvqaocoitwjyl\">\n<div class=\"brz-row brz-css-d-row-container brz-css-ywa0o2\">\n<div class=\"brz-columns brz-css-d-column-column brz-css-vygglk\" data-brz-custom-id=\"slqmrtqisztwvmoxcrfmvhcanomgyaeupvla\">\n<div class=\"brz-column__items brz-css-d-column-bg brz-css-1g3ud62\">\n<div class=\"brz-wrapper-clone brz-flex-xs-wrap brz-css-d-cloneable brz-css-1vlep3u\" data-brz-custom-id=\"dhaxtauuoalumdjdvyikhazrbkiyhachwcmf\">\n<div class=\"brz-icon__container\" data-brz-custom-id=\"gqedqnqvfkwprtpytiqgtrcyerxlesfnbdvx\"><span class=\"brz-icon brz-span brz-css-d-icon-icon brz-css-1wt46yi\"><\/span><\/div>\n<\/div>\n<div id=\"\" class=\"brz-css-d-wrapper brz-css-p38dee brz-wrapper\">\n<div class=\"brz-rich-text brz-rich-text__custom brz-css-d-richtext brz-css-1rjpluw\" data-brz-custom-id=\"uzxhvgqbnrumigligozmdxzxfznfznibrong\">\n<div data-brz-translate-text=\"1\">\n<h1 class=\"brz-tp-lg-heading1 brz-text-lg-center brz-ff-montserrat brz-ft-google brz-fs-lg-45 brz-fss-lg-px brz-fw-lg-400 brz-ls-lg-m_1 brz-lh-lg-1_3 brz-css-iK4hp\" data-uniq-id=\"qpnbb\" data-generated-css=\"brz-css-afkji\"><span class=\"brz-cp-color8\">Resol els teus problemes de<\/span><\/h1>\n<h1 class=\"brz-mb-xs-19 brz-text-lg-center brz-tp-lg-heading1 brz-css-nw5JN\" data-generated-css=\"brz-css-wilyy\" data-uniq-id=\"vdblg\"><span class=\"brz-cp-color6\">por, ansietat, f\u00f2bies, obsessions<\/span><\/h1>\n<\/div>\n<\/div>\n<\/div>\n<div id=\"\" class=\"brz-css-d-wrapper brz-css-1d58801 brz-wrapper\">\n<div class=\"brz-rich-text brz-rich-text__custom brz-css-d-richtext brz-css-8gabjw\" data-brz-custom-id=\"otufbsxqbeptvgxfcvuumldheytzbbrwlfte\">\n<div data-brz-translate-text=\"1\">\n<p class=\"brz-text-lg-center brz-tp-lg-heading4 brz-css-mwNpU\" data-generated-css=\"brz-css-mvoqa\" data-uniq-id=\"wtyiu\"><span class=\"brz-cp-color8\">Els psicoterapeutes estrat\u00e8gics ofereixen una ter\u00e0pia a mida perqu\u00e8 utilitzen els teus recursos, habilitats i fortaleses com a catalitzador de canvi per resoldre el problema.<\/span><\/p>\n<\/div>\n<\/div>\n<\/div>\n<\/div>\n<\/div>\n<\/div>\n<\/div>\n<\/div>\n<\/div>\n<\/section>\n<section id=\"mcomyvqezzwtgniofxjbfhjbffqfnutilque_mcomyvqezzwtgniofxjbfhjbffqfnutilque\" class=\"brz-section brz-css-d-section brz-css-bq1rl\">\n<div class=\"brz-section__content brz-section--fullWidth brz-css-d-sectionitem-bg brz-css-smyykr\" data-brz-custom-id=\"snelxsfugxuajbbknwhyhldscusblbwyidwd\">\n<div class=\"brz-bg\">\n<div class=\"brz-bg-color\"><\/div>\n<\/div>\n<div class=\"brz-container brz-css-d-sectionitem-container brz-css-19phqhb\">\n<div class=\"brz-row__container brz-css-d-row-row brz-css-1vewixx\" data-brz-custom-id=\"nxwrgbcdvesokefuhixqmrqjaudyjnoxxbmv\">\n<div class=\"brz-row brz-css-d-row-container brz-css-r-row-container brz-css-152ihx6\">\n<div class=\"brz-columns brz-css-d-column-column brz-css-14w1y6l\" data-brz-custom-id=\"ajsityprzbvwenxqojxyoxzjainktpiopvyv\">\n<div class=\"brz-bg\">\n<div class=\"brz-bg-color\"><\/div>\n<\/div>\n<div class=\"brz-column__items brz-css-d-column-bg brz-css-1mbphc\">\n<div id=\"\" class=\"brz-css-d-wrapper brz-css-sasntp brz-wrapper\">\n<div class=\"brz-rich-text brz-rich-text__custom brz-css-d-richtext brz-css-1ufcvlt\" data-brz-custom-id=\"aejflkbikjslxvfpeukunszfgzcrypohmwkz\">\n<div data-brz-translate-text=\"1\">\n<p data-generated-css=\"brz-css-opjzg\" data-uniq-id=\"vkfti\" class=\"brz-text-lg-center brz-tp-lg-heading2 brz-text-xs-center brz-tp-xs-heading1 brz-css-uRmC9\"><span class=\"brz-cp-color2\">Contacteu-nos<\/span><\/p>\n<\/div>\n<\/div>\n<\/div>\n<div id=\"\" class=\"brz-css-d-wrapper brz-css-1yxaf9d brz-wrapper\">\n<div class=\"brz-rich-text brz-rich-text__custom brz-css-d-richtext brz-css-y2p4c3\" data-brz-custom-id=\"uudychluyuxhrafmqqjfqdylqwqxskafrxnc\">\n<div data-brz-translate-text=\"1\">\n<h1 class=\"brz-text-lg-center brz-text-xs-center brz-tp-lg-paragraph brz-ff-montserrat brz-ft-google brz-fs-lg-55 brz-fss-lg-px brz-fw-lg-400 brz-ls-lg-m_1 brz-lh-lg-1_3 brz-css-nVqhh\" data-generated-css=\"brz-css-fkefn\" data-uniq-id=\"aurlf\"><span class=\"brz-cp-color1\">Mitjana d'alta en sis sessions<\/span><\/h1>\n<\/div>\n<\/div>\n<\/div>\n<div id=\"\" class=\"brz-css-d-wrapper brz-css-r81vup brz-wrapper\">\n<div class=\"brz-rich-text brz-rich-text__custom brz-css-d-richtext brz-css-xvdu0j\" data-brz-custom-id=\"cqrenduihclzcwnlmxdndlahdfiokjewiess\">\n<div data-brz-translate-text=\"1\">\n<p class=\"brz-text-lg-center brz-mb-lg-14 brz-text-xs-center brz-tp-lg-paragraph brz-mb-xs-15 brz-css-xSW6U\" data-uniq-id=\"mxqoz\" data-generated-css=\"brz-css-glxgk\"><span class=\"brz-cp-color7\">Ajudem a resoldre problemes espec\u00edfics comen\u00e7ant pel present i mirant cap al futur. <\/span><\/p>\n<p class=\"brz-text-lg-center brz-mb-lg-14 brz-text-xs-center brz-tp-lg-paragraph brz-mb-xs-15 brz-css-nEy_R\" data-uniq-id=\"mxqoz\" data-generated-css=\"brz-css-glxgk\"><span class=\"brz-cp-color7\">Ens caracteritza la professionalitat, el suport i la calidesa humana a l'acompanyament en els seus processos de canvi.<\/span><\/p>\n<\/div>\n<\/div>\n<\/div>\n<div class=\"brz-wrapper-clone brz-flex-xs-wrap brz-css-d-cloneable brz-css-kze9nc\" data-brz-custom-id=\"sfqdkwksnsehtunhnqznaoiahsswmxgbmrnq\"><a class=\"brz-a brz-btn brz-css-d-button brz-css-dcq2 brz-css-d-button-bg brz-css-nr0jjn\" target=\"_blank\" rel=\"noopener noreferrer\" href=\"tel:607576992\" data-brz-link-type=\"external\" data-brz-custom-id=\"lnqyugblznretmplujobrqziiejdvpkzgedf\"><span data-brz-translate-text=\"1\" class=\"brz-span brz-text__editor\">Truca'm<\/span><\/a><a class=\"brz-a brz-btn brz-css-d-button brz-css-1fm0ekh brz-css-d-button-bg brz-css-1397uwu\" target=\"_blank\" rel=\"noopener noreferrer\" href=\"https:\/\/wa.me\/34607576992?text=Hola%2C+me+gustar%C3%ADa+saber+si+me+puedes+ayudar+con+mi+problema+relacionado+con...\" data-brz-link-type=\"external\" data-brz-custom-id=\"hfgxxduiafwckmxcxfvjlrpxitkzpomdgkiw\"><span data-brz-translate-text=\"1\" class=\"brz-span brz-text__editor\">Escriu-me<\/span><\/a><\/div>\n<\/div>\n<\/div>\n<div class=\"brz-columns brz-css-d-column-column brz-css-7p3l7y\" data-brz-custom-id=\"dvssjawhwiqkipvelaluwdhiesmyrncckkdr\">\n<div class=\"brz-bg\">\n<div class=\"brz-bg-color\"><\/div>\n<\/div>\n<div class=\"brz-column__items brz-css-d-column-bg brz-css-1ay4q99\">\n<div id=\"\" class=\"brz-css-d-wrapper brz-css-1ba6tw7 brz-wrapper\">\n<div data-brz-form-version=\"2\" class=\"brz-forms2 brz-css-d-form2-form brz-css-1sfchoy\" data-brz-custom-id=\"juuqnxyofrpvdnrqcikpzxnqiigirukrxrxm\">\n<div data-brz-translate-text=\"1\" class=\"brz-forms2__item brz-css-d-form2fields-fields brz-css-17nafh8 brz-css-d-form2field-field brz-css-3se65p\"><\/div>\n<div data-brz-translate-text=\"1\" class=\"brz-forms2__item brz-css-d-form2fields-fields brz-css-17nafh8 brz-css-d-form2field-field brz-css-1v3r8je\"><\/div>\n<div data-brz-translate-text=\"1\" class=\"brz-forms2__item brz-css-d-form2fields-fields brz-css-17nafh8 brz-css-d-form2field-field brz-css-1w6u7n8\"><\/div>\n<div data-brz-translate-text=\"1\" class=\"brz-forms2__item brz-css-d-form2fields-fields brz-css-17nafh8 brz-css-d-form2field-field brz-css-1qw25mo\"><textarea id=\"aaODxkcfhOLY_4094375505750355af89\" name=\"smjsbrxgdsdvjbkyekktaseyjjxxbcktspjb\" data-brz-type=\"Paragraph\" data-brz-label=\"MENSAJE\" data-brz-placeholder=\"MENSAJE\" class=\"brz-textarea brz-forms2__field brz-forms2__field-paragraph\"><\/textarea><\/div>\n<div data-brz-translate-text=\"1\" class=\"brz-forms2__item brz-css-d-form2fields-fields brz-css-17nafh8 brz-css-d-form2field-field brz-css-b7a0xt\">\n<div class=\"brz-forms2__field brz-forms2__checkbox\">\n<div class=\"brz-control__check-group brz-forms2__checkbox-options\" data-value=\"\">\n<div data-brz-translate-text=\"1\" class=\"brz-control__check-group-option brz-forms2__checkbox-option\"><label class=\"brz-label\" for=\"gstFQil9aSrv_91d4887b62af907d5a77\">\n<div class=\"brz-control__check-group-icon brz-control__check-group--check\"><\/div>\n<div class=\"brz-control__check-group-icon brz-control__check-group--uncheck\"><\/div>\n<p><a class=\"brz-a brz-forms2__checkbox-option-name brz-a brz-underline-on\" target=\"_blank\" rel=\"noopener noreferrer\" href=\"https:\/\/maribeldemaya.net\/ca\/politica-de-privacidad\/\" data-brz-link-type=\"external\">Accepto la pol\u00edtica de privacitat<\/a><\/p><\/label><\/div>\n<\/div>\n<\/div>\n<\/div>\n<div class=\"brz-forms2 brz-forms2__item brz-forms2__item-button\" data-brz-custom-id=\"juuqnxyofrpvdnrqcikpzxnqiigirukrxrxm\"><button class=\"brz-btn brz-btn-submit brz-css-d-button-bg brz-css-1o3w863\" data-brz-custom-id=\"kevycyarpxsmfhmubtssmwkjushkcmngdrxv\"><span data-brz-translate-text=\"1\" class=\"brz-span brz-text__editor\">ENVIAR<\/span><\/button><\/div>\n<div class=\"brz-forms2__messages brz-css-d-form2-messages\"><\/div>\n<div class=\"brz-g-recaptcha\" data-sitekey=\"\" data-size=\"invisible\" data-callback=\"brzFormV2Captcha\"><\/div>\n<\/div>\n<\/div>\n<\/div>\n<\/div>\n<\/div>\n<\/div>\n<\/div>\n<\/div>\n<\/section>\n<section id=\"msdsfuzcmasrxwsnbsetlphgyjvsmaxfkywe_msdsfuzcmasrxwsnbsetlphgyjvsmaxfkywe\" class=\"brz-section brz-css-d-section brz-css-9916te\">\n<div class=\"brz-section__content brz-section--fullWidth brz-css-d-sectionitem-bg brz-css-1tc6jrt\" data-brz-custom-id=\"utbqahpohjykpmwcykpfuzlwjrakwfptatxc\">\n<div class=\"brz-bg\">\n<div class=\"brz-bg-color\"><\/div>\n<\/div>\n<div class=\"brz-container brz-css-d-sectionitem-container brz-css-1robc8d\">\n<div class=\"brz-row__container brz-css-d-row-row brz-css-1mwxqti\" data-brz-custom-id=\"xswflajyiwkildevuluflwygwlgssstprtxu\">\n<div class=\"brz-row brz-css-d-row-container brz-css-r-row-container brz-css-12onfat\">\n<div class=\"brz-columns brz-css-d-column-column brz-css-dm8d8u\" data-brz-custom-id=\"fkgeyoptpcfbeklmgmpuijfnnyywwteylrig\">\n<div class=\"brz-bg\">\n<div class=\"brz-bg-color\"><\/div>\n<\/div>\n<div class=\"brz-column__items brz-css-d-column-bg brz-css-ec3539\">\n<div id=\"\" class=\"brz-css-d-wrapper brz-css-1wvqxpo brz-wrapper\">\n<div class=\"brz-map brz-map_styles brz-css-d-map brz-css-112h1s1\" data-brz-custom-id=\"giuatmnrhcqehbpmsoeziuvcsyfnqzitpwkx\">\n<div class=\"brz-ui-ed-map-content\"><\/div>\n<\/div>\n<\/div>\n<\/div>\n<\/div>\n<div class=\"brz-columns brz-css-d-column-column brz-css-1n0vj4q\" data-brz-custom-id=\"pdsrvaellwqflmkjjkjdadxkhhoudcqmragp\">\n<div class=\"brz-column__items brz-css-d-column-bg brz-css-1fasaiu\">\n<div class=\"brz-wrapper-clone brz-flex-xs-wrap brz-css-d-cloneable brz-css-9ftmrq\" data-brz-custom-id=\"ca_I8qOjjqfM\"><a class=\"brz-a brz-btn brz-css-d-button brz-css-1l4po4z brz-css-d-button-bg brz-css-1lgj7jg\" target=\"_self\" rel=\"noopener\" href=\"https:\/\/maribeldemaya.net\/ca\/psicologa-en-mataro\/\" data-brz-link-type=\"page\" data-brz-custom-id=\"xJsxWEpQdkBd\"><span data-brz-translate-text=\"1\" class=\"brz-span brz-text__editor\">Matar\u00f3<\/span><\/a><\/div>\n<div id=\"\" class=\"brz-css-d-wrapper brz-css-scet8y brz-wrapper\">\n<div class=\"brz-rich-text brz-rich-text__custom brz-css-d-richtext brz-css-1wyhi4i\" data-brz-custom-id=\"ftvqvwjpdjpdkfceqyzuekhcohalteuccjyc\">\n<div data-brz-translate-text=\"1\">\n<h6 class=\"brz-tp-lg-empty brz-ff-montserrat brz-lh-lg-1_5 brz-ls-lg-0 brz-fw-lg-400 brz-fss-lg-px brz-fs-lg-19 brz-ft-google brz-text-xs-justify brz-css-kjDeS\" data-uniq-id=\"xQC5n\" data-generated-css=\"brz-css-qlVO0\"><strong class=\"brz-cp-color2\" style=\"background-color: initial\">Maribel de Maya<\/strong><\/h6>\n<h6 class=\"brz-tp-lg-paragraph brz-css-haAuw\" data-uniq-id=\"hnEcM\" data-generated-css=\"brz-css-ljt69\"><\/h6>\n<h6 class=\"brz-tp-lg-paragraph brz-css-chQkS\" data-uniq-id=\"xDcLW\" data-generated-css=\"brz-css-kW4ZD\"><span class=\"brz-cp-color7\">Psic\u00f2leg generalista<\/span><\/h6>\n<h6 class=\"brz-tp-lg-paragraph brz-css-f6Iek\" data-uniq-id=\"bxFyu\" data-generated-css=\"brz-css-eumlx\"><span class=\"brz-cp-color7\">Psicoterapeuta col\u00b7legiat al Centre de Ter\u00e0pia Estrat\u00e8gica<\/span><\/h6>\n<h6 class=\"brz-tp-lg-paragraph brz-css-spjvE\" data-uniq-id=\"wmrAE\" data-generated-css=\"brz-css-pyMJm\"><span class=\"brz-cp-color7\">Psic\u00f2leg col\u00b7legiat, n\u00famero de col\u00b7legi 21.754<\/span><\/h6>\n<h6 class=\"brz-tp-lg-paragraph brz-css-nEwFf\" data-uniq-id=\"nbpmd\" data-generated-css=\"brz-css-qZTcW\"><span class=\"brz-cp-color7\">T\u00edtol de m\u00e0ster en&nbsp;<\/span><a class=\"link--external brz-cp-color7\" href=\"http:\/\/www.centroditerapiastrategica.com\/\" data-brz-link-type=\"external\" target=\"_blank\" rel=\"noreferrer noopener\">Terapia Estrat\u00e8gica Breu. CTS Arezzo. Editat per G. Nardone<\/a><\/h6>\n<\/div>\n<\/div>\n<\/div>\n<div class=\"brz-wrapper-clone brz-flex-xs-wrap brz-css-d-cloneable brz-css-cq72v5\" data-brz-custom-id=\"yqbhvuwajubaekzzvhesiyrkekijfsxgjqvd\"><a class=\"brz-a brz-btn brz-css-d-button brz-css-o6vgoy brz-css-d-button-bg brz-css-14civ1o\" target=\"_blank\" rel=\"noopener noreferrer\" href=\"tel:607576992\" data-brz-link-type=\"external\" data-brz-custom-id=\"yfgvhvlfmeucpglqdhkbzgipihxmfvjtclmq\"><span data-brz-translate-text=\"1\" class=\"brz-span brz-text__editor\">607 576 992<\/span><\/a><\/div>\n<div class=\"brz-wrapper-clone brz-flex-xs-wrap brz-css-d-cloneable brz-css-3bea0c\" data-brz-custom-id=\"lqxuntpppvnrecgnoumgwxirfkbgwlmnffyw\"><a class=\"brz-a brz-btn brz-css-d-button brz-css-1wp4b3p brz-css-d-button-bg brz-css-143gibg\" target=\"_blank\" rel=\"noopener noreferrer\" href=\"mailto:info@maribeldemaya.net\" data-brz-link-type=\"external\" data-brz-custom-id=\"zliyajnkghklefsrfxunvtehplvkouitxzni\"><span data-brz-translate-text=\"1\" class=\"brz-span brz-text__editor\">info@maribeldemaya.net<\/span><\/a><\/div>\n<div class=\"brz-wrapper-clone brz-flex-xs-wrap brz-css-d-cloneable brz-css-1hfsg42\" data-brz-custom-id=\"wunjiulbdtzpckmtmbixprejowvspjdloklr\"><a class=\"brz-a brz-btn brz-css-d-button brz-css-wajpd6 brz-css-d-button-bg brz-css-1fmrujd\" target=\"_blank\" rel=\"noopener noreferrer\" href=\"https:\/\/goo.gl\/maps\/LPQuzufMWMMMuQ6R6\" data-brz-link-type=\"external\" data-brz-custom-id=\"hmbmeaylruabuismatmmasvwekaibpynefov\"><span data-brz-translate-text=\"1\" class=\"brz-span brz-text__editor\">Altafulla, 8 2n 1a\n<p>08302 MATAR\u00d3<\/p><\/span><\/a><\/div>\n<\/div>\n<\/div>\n<\/div>\n<\/div>\n<\/div>\n<\/div>\n<\/section>\n<section id=\"ebhrcmwucnefsmsfafqmyyswzjivqcuqlehy_ebhrcmwucnefsmsfafqmyyswzjivqcuqlehy\" class=\"brz-section brz-css-d-section brz-css-1q5qv1c\">\n<div class=\"brz-section__content brz-section--fullWidth brz-css-d-sectionitem-bg brz-css-ps58cl\" data-brz-custom-id=\"hsenoridohrxmgdifxypsuzjfncgcvedlmmr\">\n<div class=\"brz-bg\">\n<div class=\"brz-bg-color\"><\/div>\n<\/div>\n<div class=\"brz-container brz-css-d-sectionitem-container brz-css-nceoy1\">\n<div class=\"brz-row__container brz-css-d-row-row brz-css-1p7qttw\" data-brz-custom-id=\"gbbdpwmkcqvdgequuihpyrkyfpxzwrgswrdy\">\n<div class=\"brz-row brz-css-d-row-container brz-css-r-row-container brz-css-19evwan\">\n<div class=\"brz-columns brz-css-d-column-column brz-css-1bcoo0n\" data-brz-custom-id=\"gtvskpqhzyswlqnfhsijolwpfapgqmrslvyo\">\n<div class=\"brz-column__items brz-css-d-column-bg brz-css-nmqisp\">\n<div class=\"brz-wrapper-clone brz-flex-xs-wrap brz-css-d-cloneable brz-css-1vf7t4i\" data-brz-custom-id=\"eW0xve7mn1e3\"><a class=\"brz-a brz-btn brz-css-d-button brz-css-18sq8xf brz-css-d-button-bg brz-css-18llh9b\" target=\"_self\" rel=\"noopener\" href=\"https:\/\/maribeldemaya.net\/ca\/psicologos-en-arenys-de-mar\/\" data-brz-link-type=\"page\" data-brz-custom-id=\"s3jkU8ZHJkep\"><span data-brz-translate-text=\"1\" class=\"brz-span brz-text__editor\">Arenys de Mar<\/span><\/a><\/div>\n<div id=\"\" class=\"brz-css-d-wrapper brz-css-1x23nla brz-wrapper\">\n<div class=\"brz-rich-text brz-rich-text__custom brz-css-d-richtext brz-css-1b6m642\" data-brz-custom-id=\"rwyjtsweqdbvcxmgqdtragxvdniesozoigwb\">\n<div data-brz-translate-text=\"1\">\n<h6 class=\"brz-tp-lg-empty brz-mb-lg-12 brz-text-sm-justify brz-ff-montserrat brz-ft-google brz-fs-lg-19 brz-fss-lg-px brz-fw-lg-500 brz-ls-lg-0 brz-lh-lg-1_5 brz-text-xs-left brz-css-iLINK\" data-uniq-id=\"s8Fgi\" data-generated-css=\"brz-css-bm_AB\"><strong class=\"brz-cp-color2\" style=\"background-color: initial\">Maribel de Maya <\/strong><\/h6>\n<h6 class=\"brz-tp-lg-paragraph brz-css-bT8GX\" data-uniq-id=\"inr3C\" data-generated-css=\"brz-css-cmZDH\"><span class=\"brz-cp-color7\">Psic\u00f2leg generalista<\/span><\/h6>\n<h6 class=\"brz-tp-lg-paragraph brz-css-pOQa_\" data-uniq-id=\"zoBBJ\" data-generated-css=\"brz-css-bn8sK\"><span class=\"brz-cp-color7\">Psicoterapeuta col\u00b7legiat al Centre de Ter\u00e0pia Estrat\u00e8gica<\/span><\/h6>\n<h6 class=\"brz-tp-lg-paragraph brz-css-k3P2K\" data-uniq-id=\"i5N9w\" data-generated-css=\"brz-css-qkkjn\"><span class=\"brz-cp-color7\">Psic\u00f2leg col\u00b7legiat, n\u00famero de col\u00b7legi 21.754<\/span><\/h6>\n<h6 class=\"brz-tp-lg-paragraph brz-css-pksDG\" data-uniq-id=\"oWMME\" data-generated-css=\"brz-css-qTXoG\"><span class=\"brz-cp-color7\">T\u00edtol de m\u00e0ster en&nbsp;<\/span><a class=\"link--external brz-cp-color7\" href=\"http:\/\/www.centroditerapiastrategica.com\/\" data-brz-link-type=\"external\" target=\"_blank\" rel=\"noreferrer noopener\">Terapia Estrat\u00e8gica Breu. CTS Arezzo. Editat per G. Nardone<\/a><\/h6>\n<\/div>\n<\/div>\n<\/div>\n<div class=\"brz-wrapper-clone brz-flex-xs-wrap brz-css-d-cloneable brz-css-1c703nd\" data-brz-custom-id=\"gxuvtddtmrdmktitprsodhtaygftberavowf\"><a class=\"brz-a brz-btn brz-css-d-button brz-css-1p4ka74 brz-css-d-button-bg brz-css-rytunj\" target=\"_blank\" rel=\"noopener noreferrer\" href=\"tel:607576992\" data-brz-link-type=\"external\" data-brz-custom-id=\"ptorsayerlzwnhujwcdxptgjsyzbabijgixi\"><span data-brz-translate-text=\"1\" class=\"brz-span brz-text__editor\">607 576 992<\/span><\/a><\/div>\n<div class=\"brz-wrapper-clone brz-flex-xs-wrap brz-css-d-cloneable brz-css-po6kl1\" data-brz-custom-id=\"xugjflnokagvouqypngdtbeqhqsjglxcraec\"><a class=\"brz-a brz-btn brz-css-d-button brz-css-8cabyh brz-css-d-button-bg brz-css-1v9hdyo\" target=\"_blank\" rel=\"noopener noreferrer\" href=\"mailto:info@maribeldemaya.net\" data-brz-link-type=\"external\" data-brz-custom-id=\"levhzouqgktjsjqadugoxiissjubfrteynbt\"><span data-brz-translate-text=\"1\" class=\"brz-span brz-text__editor\">info@maribeldemaya.net<\/span><\/a><\/div>\n<div class=\"brz-wrapper-clone brz-flex-xs-wrap brz-css-d-cloneable brz-css-10qnsvf\" data-brz-custom-id=\"laxlcrfafbwzmjemwubbbtlxtxtoypkvwcdw\"><a class=\"brz-a brz-btn brz-css-d-button brz-css-15n8y6j brz-css-d-button-bg brz-css-1adb382\" target=\"_blank\" rel=\"noopener noreferrer\" href=\"https:\/\/www.google.com\/maps\/place\/Psic%C3%B3logo+en+Arenys+de+Mar+%7C+MARIBEL+DE+MAYA+%7C+Especialista+en+trastornos+de+ansiedad,+fobias+y+obsesiones.\/@41.5862242,2.5512601,15z\/data=!4m5!3m4!1s0x0:0x799a4bb23e8f934e!8m2!3d41.5862242!4d2.5512601\" data-brz-link-type=\"external\" data-brz-custom-id=\"fdkgsxrjfrtueneygatcnreddjverqviahud\"><span data-brz-translate-text=\"1\" class=\"brz-span brz-text__editor\">60 Pau Costa, planta baixa, 08350 Arenys de Mar<\/span><\/a><\/div>\n<\/div>\n<\/div>\n<div class=\"brz-columns brz-css-d-column-column brz-css-11xcl0n\" data-brz-custom-id=\"axfnnivymtstotusfkwbmlonspzdkozglvvv\">\n<div class=\"brz-bg\">\n<div class=\"brz-bg-color\"><\/div>\n<\/div>\n<div class=\"brz-column__items brz-css-d-column-bg brz-css-zdruqz\">\n<div id=\"\" class=\"brz-css-d-wrapper brz-css-13fw0eu brz-wrapper\">\n<div class=\"brz-map brz-map_styles brz-css-d-map brz-css-of8q2x\" data-brz-custom-id=\"dvotfjawmfpgdxaumovyzfkhdyibcjnicvvc\">\n<div class=\"brz-ui-ed-map-content\"><\/div>\n<\/div>\n<\/div>\n<\/div>\n<\/div>\n<\/div>\n<\/div>\n<\/div>\n<\/div>\n<\/section><\/div>\n<p><!-- version:1776103641 --><\/p>\n<\/body><\/html>","protected":false},"excerpt":{"rendered":"<p>Soluciona tus problemas de miedos, ansiedad, fobias, obsesiones Los psicoterapeutas estrat&eacute;gicos hacen terapia a medida porque utilizan tus recursos, habilidades y tus puntos fuertes como palanca de cambio para resolver <a class=\"read_more\" href=\"https:\/\/maribeldemaya.net\/ca\/contacto\/\"> &#8230;<\/a><\/p>","protected":false},"author":1,"featured_media":0,"parent":0,"menu_order":0,"comment_status":"closed","ping_status":"closed","template":"brizy-blank-template.php","meta":{"footnotes":""},"class_list":["post-62","page","type-page","status-publish","hentry"],"aioseo_notices":[],"brizy_media":[{"id":39,"url":"https:\/\/maribeldemaya.net\/wp-content\/uploads\/2021\/10\/Background-office.webp","name":"Background-office.webp","meta":{"brizy_attachment_uid":"wp-d56f21ee737a3907dfa98dced627d802.webp","brizy_post_uid":["a39eefde583e993c60a1aa97171ead40","85388190e0b9bd17bafd12fb4bbda2d4","10571252df9818c1debd36de66549755"]}},{"id":1427,"url":"https:\/\/maribeldemaya.net\/wp-content\/uploads\/2022\/01\/Maribel-de-Maya-Psicologa-Mataro-Terapia-Breve-Estrategica.webp","name":"Maribel-de-Maya-Psicologa-Mataro-Terapia-Breve-Estrategica.webp","meta":{"brizy_attachment_uid":"wp-db905073df72f9b226f278c4ec152914.webp","brizy_post_uid":["92173bd3870d0b07557ba560c1c27dfc","89d5c4b93cf5706782bcf429feabe963","85388190e0b9bd17bafd12fb4bbda2d4"]}}],"_links":{"self":[{"href":"https:\/\/maribeldemaya.net\/ca\/wp-json\/wp\/v2\/pages\/62","targetHints":{"allow":["GET"]}}],"collection":[{"href":"https:\/\/maribeldemaya.net\/ca\/wp-json\/wp\/v2\/pages"}],"about":[{"href":"https:\/\/maribeldemaya.net\/ca\/wp-json\/wp\/v2\/types\/page"}],"author":[{"embeddable":true,"href":"https:\/\/maribeldemaya.net\/ca\/wp-json\/wp\/v2\/users\/1"}],"replies":[{"embeddable":true,"href":"https:\/\/maribeldemaya.net\/ca\/wp-json\/wp\/v2\/comments?post=62"}],"version-history":[{"count":0,"href":"https:\/\/maribeldemaya.net\/ca\/wp-json\/wp\/v2\/pages\/62\/revisions"}],"wp:attachment":[{"href":"https:\/\/maribeldemaya.net\/ca\/wp-json\/wp\/v2\/media?parent=62"}],"curies":[{"name":"wp","href":"https:\/\/api.w.org\/{rel}","templated":true}]}}